{"id":4609,"date":"2025-11-13T15:36:50","date_gmt":"2025-11-13T15:36:50","guid":{"rendered":"https:\/\/eattheworldrestaurant.com\/producto\/mig-menu-migdia\/"},"modified":"2025-11-14T08:26:04","modified_gmt":"2025-11-14T08:26:04","slug":"mig-menu-migdia","status":"publish","type":"product","link":"https:\/\/eattheworldrestaurant.com\/es\/producto\/mig-menu-migdia\/","title":{"rendered":"MEDIO MEN\u00da MEDIOD\u00cdA"},"content":{"rendered":"<p class=\"moto-text_system_6\" style=\"text-align: center;\"><strong>-El medio men\u00fa de mediod\u00eda solo estar\u00e1 disponible de mi\u00e9rcoles a viernes al mediod\u00eda y siempre que sea un d\u00eda laboral. Todos los pedidos recibidos con este tipo de men\u00fa fuera del horario indicado ser\u00e1n anulados autom\u00e1ticamente.\u00a0<\/strong><\/p>\n<p class=\"moto-text_system_6\" style=\"text-align: center;\">-El medio men\u00fa de miediod\u00eda incluye un principal y un postre a escoger.<\/p>\n<p style=\"text-align: center;\">-Algunos de los platos vienen con suplemento y se indicar\u00e1 en la misma selecci\u00f3n del producto.<\/p>\n","protected":false},"excerpt":{"rendered":"<p>-El medio men\u00fa de mediod\u00eda solo estar\u00e1 disponible de mi\u00e9rcoles a viernes al mediod\u00eda y siempre que sea un d\u00eda&#8230;<\/p>\n","protected":false},"featured_media":4602,"template":"","meta":[],"product_brand":[],"product_cat":[110],"product_tag":[],"class_list":{"0":"post-4609","1":"product","2":"type-product","3":"status-publish","4":"has-post-thumbnail","6":"product_cat-menu-mediodia","7":"exwoofood_loc-lleida","8":"exwoofood_loc-mollerussa","10":"first","11":"instock","12":"shipping-taxable","13":"purchasable","14":"product-type-simple"},"_links":{"self":[{"href":"https:\/\/eattheworldrestaurant.com\/es\/wp-json\/wp\/v2\/product\/4609","targetHints":{"allow":["GET"]}}],"collection":[{"href":"https:\/\/eattheworldrestaurant.com\/es\/wp-json\/wp\/v2\/product"}],"about":[{"href":"https:\/\/eattheworldrestaurant.com\/es\/wp-json\/wp\/v2\/types\/product"}],"wp:featuredmedia":[{"embeddable":true,"href":"https:\/\/eattheworldrestaurant.com\/es\/wp-json\/wp\/v2\/media\/4602"}],"wp:attachment":[{"href":"https:\/\/eattheworldrestaurant.com\/es\/wp-json\/wp\/v2\/media?parent=4609"}],"wp:term":[{"taxonomy":"product_brand","embeddable":true,"href":"https:\/\/eattheworldrestaurant.com\/es\/wp-json\/wp\/v2\/product_brand?post=4609"},{"taxonomy":"product_cat","embeddable":true,"href":"https:\/\/eattheworldrestaurant.com\/es\/wp-json\/wp\/v2\/product_cat?post=4609"},{"taxonomy":"product_tag","embeddable":true,"href":"https:\/\/eattheworldrestaurant.com\/es\/wp-json\/wp\/v2\/product_tag?post=4609"}],"curies":[{"name":"wp","href":"https:\/\/api.w.org\/{rel}","templated":true}]}}