{"id":4604,"date":"2025-11-13T14:52:13","date_gmt":"2025-11-13T14:52:13","guid":{"rendered":"https:\/\/eattheworldrestaurant.com\/producto\/menu-migdia\/"},"modified":"2025-11-16T13:05:48","modified_gmt":"2025-11-16T13:05:48","slug":"menu-migdia","status":"publish","type":"product","link":"https:\/\/eattheworldrestaurant.com\/es\/producto\/menu-migdia\/","title":{"rendered":"MEN\u00da MEDIODIA"},"content":{"rendered":"<p class=\"moto-text_system_6\"><strong>-El men\u00fa de mediod\u00eda solo estar\u00e1 disponible de mi\u00e9rcoles a viernes al mediod\u00eda y siempre que sea d\u00eda laborable. Todos los pedidos recibidos con este tipo de men\u00fa fuera del horario indicado seran anulados autom\u00e1ticamente.\u00a0<\/strong><\/p>\n<p class=\"moto-text_system_6\">-El men\u00fa de mediod\u00eda incluye un entrante, un principal y un postre a escoger.<\/p>\n<p>-Algunos platos vienen con suplemento y est\u00e1 indicado en la misma selecci\u00f3n del producto<\/p>\n","protected":false},"excerpt":{"rendered":"<p>-El men\u00fa de mediod\u00eda solo estar\u00e1 disponible de mi\u00e9rcoles a viernes al mediod\u00eda y siempre que sea d\u00eda laborable. Todos&#8230;<\/p>\n","protected":false},"featured_media":4602,"template":"","meta":[],"product_brand":[],"product_cat":[110],"product_tag":[],"class_list":{"0":"post-4604","1":"product","2":"type-product","3":"status-publish","4":"has-post-thumbnail","6":"product_cat-menu-mediodia","7":"exwoofood_loc-lleida","8":"exwoofood_loc-mollerussa","10":"first","11":"instock","12":"shipping-taxable","13":"purchasable","14":"product-type-simple"},"_links":{"self":[{"href":"https:\/\/eattheworldrestaurant.com\/es\/wp-json\/wp\/v2\/product\/4604","targetHints":{"allow":["GET"]}}],"collection":[{"href":"https:\/\/eattheworldrestaurant.com\/es\/wp-json\/wp\/v2\/product"}],"about":[{"href":"https:\/\/eattheworldrestaurant.com\/es\/wp-json\/wp\/v2\/types\/product"}],"wp:featuredmedia":[{"embeddable":true,"href":"https:\/\/eattheworldrestaurant.com\/es\/wp-json\/wp\/v2\/media\/4602"}],"wp:attachment":[{"href":"https:\/\/eattheworldrestaurant.com\/es\/wp-json\/wp\/v2\/media?parent=4604"}],"wp:term":[{"taxonomy":"product_brand","embeddable":true,"href":"https:\/\/eattheworldrestaurant.com\/es\/wp-json\/wp\/v2\/product_brand?post=4604"},{"taxonomy":"product_cat","embeddable":true,"href":"https:\/\/eattheworldrestaurant.com\/es\/wp-json\/wp\/v2\/product_cat?post=4604"},{"taxonomy":"product_tag","embeddable":true,"href":"https:\/\/eattheworldrestaurant.com\/es\/wp-json\/wp\/v2\/product_tag?post=4604"}],"curies":[{"name":"wp","href":"https:\/\/api.w.org\/{rel}","templated":true}]}}