{"id":3648,"date":"2025-01-27T00:25:11","date_gmt":"2025-01-27T00:25:11","guid":{"rendered":"https:\/\/eattheworldrestaurant.com\/?post_type=product&#038;p=3648"},"modified":"2025-11-13T12:14:50","modified_gmt":"2025-11-13T12:14:50","slug":"racion-de-patatas-fritas-naturales-copia","status":"publish","type":"product","link":"https:\/\/eattheworldrestaurant.com\/es\/producto\/racion-de-patatas-fritas-naturales-copia\/","title":{"rendered":"Raci\u00f3n de chips de boniato"},"content":{"rendered":"<p>Raci\u00f3n de chips de boniato fritos ligeramente especiados<\/p>\n<p>&nbsp;<\/p>\n<hr \/>\n<p>&nbsp;<\/p>\n<p><strong>Al\u00e9rgenos:<\/strong> Puede tener trazos de apio, mostaza, s\u00e9samo y frutos de c\u00e1scara.<\/p>\n","protected":false},"excerpt":{"rendered":"<p>Raci\u00f3n de chips de boniato fritos ligeramente especiados &nbsp; &nbsp; Al\u00e9rgenos: Puede tener trazos de apio, mostaza, s\u00e9samo y frutos&#8230;<\/p>\n","protected":false},"featured_media":3651,"template":"","meta":[],"product_brand":[],"product_cat":[76],"product_tag":[],"class_list":{"0":"post-3648","1":"product","2":"type-product","3":"status-publish","4":"has-post-thumbnail","6":"product_cat-para-compartir","7":"exwoofood_loc-lleida","8":"exwoofood_loc-mollerussa","10":"first","11":"instock","12":"shipping-taxable","13":"purchasable","14":"product-type-simple"},"_links":{"self":[{"href":"https:\/\/eattheworldrestaurant.com\/es\/wp-json\/wp\/v2\/product\/3648","targetHints":{"allow":["GET"]}}],"collection":[{"href":"https:\/\/eattheworldrestaurant.com\/es\/wp-json\/wp\/v2\/product"}],"about":[{"href":"https:\/\/eattheworldrestaurant.com\/es\/wp-json\/wp\/v2\/types\/product"}],"wp:featuredmedia":[{"embeddable":true,"href":"https:\/\/eattheworldrestaurant.com\/es\/wp-json\/wp\/v2\/media\/3651"}],"wp:attachment":[{"href":"https:\/\/eattheworldrestaurant.com\/es\/wp-json\/wp\/v2\/media?parent=3648"}],"wp:term":[{"taxonomy":"product_brand","embeddable":true,"href":"https:\/\/eattheworldrestaurant.com\/es\/wp-json\/wp\/v2\/product_brand?post=3648"},{"taxonomy":"product_cat","embeddable":true,"href":"https:\/\/eattheworldrestaurant.com\/es\/wp-json\/wp\/v2\/product_cat?post=3648"},{"taxonomy":"product_tag","embeddable":true,"href":"https:\/\/eattheworldrestaurant.com\/es\/wp-json\/wp\/v2\/product_tag?post=3648"}],"curies":[{"name":"wp","href":"https:\/\/api.w.org\/{rel}","templated":true}]}}