{"id":3571,"date":"2024-06-03T12:07:16","date_gmt":"2024-06-03T12:07:16","guid":{"rendered":"https:\/\/eattheworldrestaurant.com\/producto\/tostones\/"},"modified":"2026-03-16T17:30:00","modified_gmt":"2026-03-16T17:30:00","slug":"tostones","status":"publish","type":"product","link":"https:\/\/eattheworldrestaurant.com\/es\/producto\/tostones\/","title":{"rendered":"Tostones (Rep\u00fablica Dominicana)"},"content":{"rendered":"<p>Los tostones o tambi\u00e9n llamados patacones o Tachino son una comida a base de trozos de pl\u00e1tano verde frito ligeramente condimentado.<br \/>\nTe los presentamos a modo de base o peque\u00f1a pizza coronada con reques\u00f3n, tomate cherry, tom\u00e0te, cebolla, ,ma\u00edz, aguacate y cilantro.<\/p>\n<p>Escoge entre <strong>5<\/strong> o <strong>8 <\/strong>unidades<strong>.<\/strong><\/p>\n<p>&#8212;&#8212;&#8212;&#8212;&#8212;&#8212;&#8212;&#8212;&#8212;&#8212;&#8212;&#8212;&#8212;&#8212;&#8212;&#8212;&#8212;&#8212;&#8212;&#8212;&#8212;&#8212;&#8212;&#8212;&#8212;&#8212;&#8212;&#8212;&#8212;&#8212;&#8212;&#8212;&#8212;&#8212;&#8212;&#8212;&#8212;&#8212;&#8212;&#8212;&#8212;&#8212;&#8212;&#8211;<\/p>\n<p><strong>Al\u00e9rgenos Tostones:<\/strong> No contiene<\/p>\n<p><strong>Al\u00e9rgenos reques\u00f3n:<\/strong> Leche<\/p>\n<p>&nbsp;<\/p>\n<p>&nbsp;<\/p>\n","protected":false},"excerpt":{"rendered":"<p>Los tostones o tambi\u00e9n llamados patacones o Tachino son una comida a base de trozos de pl\u00e1tano verde frito ligeramente&#8230;<\/p>\n","protected":false},"featured_media":4356,"template":"","meta":[],"product_brand":[],"product_cat":[76],"product_tag":[],"class_list":{"0":"post-3571","1":"product","2":"type-product","3":"status-publish","4":"has-post-thumbnail","6":"product_cat-para-compartir","7":"exwoofood_loc-lleida","8":"exwoofood_loc-mollerussa","10":"first","11":"instock","12":"shipping-taxable","13":"purchasable","14":"product-type-simple"},"_links":{"self":[{"href":"https:\/\/eattheworldrestaurant.com\/es\/wp-json\/wp\/v2\/product\/3571","targetHints":{"allow":["GET"]}}],"collection":[{"href":"https:\/\/eattheworldrestaurant.com\/es\/wp-json\/wp\/v2\/product"}],"about":[{"href":"https:\/\/eattheworldrestaurant.com\/es\/wp-json\/wp\/v2\/types\/product"}],"wp:featuredmedia":[{"embeddable":true,"href":"https:\/\/eattheworldrestaurant.com\/es\/wp-json\/wp\/v2\/media\/4356"}],"wp:attachment":[{"href":"https:\/\/eattheworldrestaurant.com\/es\/wp-json\/wp\/v2\/media?parent=3571"}],"wp:term":[{"taxonomy":"product_brand","embeddable":true,"href":"https:\/\/eattheworldrestaurant.com\/es\/wp-json\/wp\/v2\/product_brand?post=3571"},{"taxonomy":"product_cat","embeddable":true,"href":"https:\/\/eattheworldrestaurant.com\/es\/wp-json\/wp\/v2\/product_cat?post=3571"},{"taxonomy":"product_tag","embeddable":true,"href":"https:\/\/eattheworldrestaurant.com\/es\/wp-json\/wp\/v2\/product_tag?post=3571"}],"curies":[{"name":"wp","href":"https:\/\/api.w.org\/{rel}","templated":true}]}}