{"id":3563,"date":"2024-06-05T22:35:48","date_gmt":"2024-06-05T22:35:48","guid":{"rendered":"https:\/\/eattheworldrestaurant.com\/producto\/amanida-israeli-israel\/"},"modified":"2026-03-16T17:23:54","modified_gmt":"2026-03-16T17:23:54","slug":"amanida-israeli-israel","status":"publish","type":"product","link":"https:\/\/eattheworldrestaurant.com\/es\/producto\/amanida-israeli-israel\/","title":{"rendered":"Ensalada israel\u00ed (Israel)"},"content":{"rendered":"<p>El origen de la <strong>&#8220;salat Katzutz&#8221;<\/strong> tiene m\u00e1s de cien a\u00f1os. Esta ensalada, nacida como parte del famoso desayuno de kibutz que se consum\u00eda despu\u00e9s de haber trabajado varias horas en los campos y huertos, se convirti\u00f3 en un cl\u00e1sico israel\u00ed. Estilo de ensalada con pepino, tomates, pimientos rojo y verde, condimentada con aceite y <strong>za\u2019atar<\/strong>.<\/p>\n<p><strong>Al\u00e9rgenos del condimento za\u2019atar:<\/strong> Contiene semillas de s\u00e9samo.<\/p>\n<p>&nbsp;<\/p>\n<p>&nbsp;<\/p>\n","protected":false},"excerpt":{"rendered":"<p>El origen de la &#8220;salat Katzutz&#8221; tiene m\u00e1s de cien a\u00f1os. Esta ensalada, nacida como parte del famoso desayuno de&#8230;<\/p>\n","protected":false},"featured_media":3327,"template":"","meta":[],"product_brand":[],"product_cat":[76],"product_tag":[],"class_list":{"0":"post-3563","1":"product","2":"type-product","3":"status-publish","4":"has-post-thumbnail","6":"product_cat-para-compartir","7":"exwoofood_loc-lleida","8":"exwoofood_loc-mollerussa","10":"first","11":"instock","12":"shipping-taxable","13":"purchasable","14":"product-type-simple"},"_links":{"self":[{"href":"https:\/\/eattheworldrestaurant.com\/es\/wp-json\/wp\/v2\/product\/3563","targetHints":{"allow":["GET"]}}],"collection":[{"href":"https:\/\/eattheworldrestaurant.com\/es\/wp-json\/wp\/v2\/product"}],"about":[{"href":"https:\/\/eattheworldrestaurant.com\/es\/wp-json\/wp\/v2\/types\/product"}],"wp:featuredmedia":[{"embeddable":true,"href":"https:\/\/eattheworldrestaurant.com\/es\/wp-json\/wp\/v2\/media\/3327"}],"wp:attachment":[{"href":"https:\/\/eattheworldrestaurant.com\/es\/wp-json\/wp\/v2\/media?parent=3563"}],"wp:term":[{"taxonomy":"product_brand","embeddable":true,"href":"https:\/\/eattheworldrestaurant.com\/es\/wp-json\/wp\/v2\/product_brand?post=3563"},{"taxonomy":"product_cat","embeddable":true,"href":"https:\/\/eattheworldrestaurant.com\/es\/wp-json\/wp\/v2\/product_cat?post=3563"},{"taxonomy":"product_tag","embeddable":true,"href":"https:\/\/eattheworldrestaurant.com\/es\/wp-json\/wp\/v2\/product_tag?post=3563"}],"curies":[{"name":"wp","href":"https:\/\/api.w.org\/{rel}","templated":true}]}}