{"id":3562,"date":"2024-06-05T22:37:47","date_gmt":"2024-06-05T22:37:47","guid":{"rendered":"https:\/\/eattheworldrestaurant.com\/producto\/foundue-camembert-franca\/"},"modified":"2026-03-16T17:23:02","modified_gmt":"2026-03-16T17:23:02","slug":"fondue-camembert-franca","status":"publish","type":"product","link":"https:\/\/eattheworldrestaurant.com\/es\/producto\/fondue-camembert-franca\/","title":{"rendered":"FONDUE SUIZA (SUIZA)"},"content":{"rendered":"<p>Peque\u00f1o panecillo con tres tipos de queso fundido (Emmental, Gruy\u00e8re suizo y Vacherin Fribourgeois suizo) con vino blanco y un toque de ajo. Todo coronado con una salsa dulce de ar\u00e1ndanos rojos naturales.<\/p>\n<hr \/>\n<p><strong>Al\u00e9rgenos:<\/strong> Contiene gluten (Puede contener trazas de soja, leche, mostaza, sulfitos y s\u00e9samo)<\/p>\n<p><strong>Al\u00e9rgenos salsa de ar\u00e1ndanos:<\/strong> No contiene (Puede contener trazas de sulfitos)<\/p>\n","protected":false},"excerpt":{"rendered":"<p>Peque\u00f1o panecillo con tres tipos de queso fundido (Emmental, Gruy\u00e8re suizo y Vacherin Fribourgeois suizo) con vino blanco y un&#8230;<\/p>\n","protected":false},"featured_media":4340,"template":"","meta":[],"product_brand":[],"product_cat":[76],"product_tag":[],"class_list":{"0":"post-3562","1":"product","2":"type-product","3":"status-publish","4":"has-post-thumbnail","6":"product_cat-para-compartir","7":"exwoofood_loc-lleida","8":"exwoofood_loc-mollerussa","10":"first","11":"instock","12":"shipping-taxable","13":"purchasable","14":"product-type-simple"},"_links":{"self":[{"href":"https:\/\/eattheworldrestaurant.com\/es\/wp-json\/wp\/v2\/product\/3562","targetHints":{"allow":["GET"]}}],"collection":[{"href":"https:\/\/eattheworldrestaurant.com\/es\/wp-json\/wp\/v2\/product"}],"about":[{"href":"https:\/\/eattheworldrestaurant.com\/es\/wp-json\/wp\/v2\/types\/product"}],"wp:featuredmedia":[{"embeddable":true,"href":"https:\/\/eattheworldrestaurant.com\/es\/wp-json\/wp\/v2\/media\/4340"}],"wp:attachment":[{"href":"https:\/\/eattheworldrestaurant.com\/es\/wp-json\/wp\/v2\/media?parent=3562"}],"wp:term":[{"taxonomy":"product_brand","embeddable":true,"href":"https:\/\/eattheworldrestaurant.com\/es\/wp-json\/wp\/v2\/product_brand?post=3562"},{"taxonomy":"product_cat","embeddable":true,"href":"https:\/\/eattheworldrestaurant.com\/es\/wp-json\/wp\/v2\/product_cat?post=3562"},{"taxonomy":"product_tag","embeddable":true,"href":"https:\/\/eattheworldrestaurant.com\/es\/wp-json\/wp\/v2\/product_tag?post=3562"}],"curies":[{"name":"wp","href":"https:\/\/api.w.org\/{rel}","templated":true}]}}