{"id":3557,"date":"2024-06-06T09:50:18","date_gmt":"2024-06-06T09:50:18","guid":{"rendered":"https:\/\/eattheworldrestaurant.com\/producto\/bobotie-sud-africa\/"},"modified":"2026-03-16T17:09:39","modified_gmt":"2026-03-16T17:09:39","slug":"bobotie-sud-africa","status":"publish","type":"product","link":"https:\/\/eattheworldrestaurant.com\/es\/producto\/bobotie-sud-africa\/","title":{"rendered":"Bobotie (Sud\u00e1frica)"},"content":{"rendered":"<p>Se considera el plato nacional de Sud\u00e1frica y se remonta a la antig\u00fcedad romana. B\u00e1sicamente, es un plato a base de carne de ternera muy condimentada con pasas, cebolla y salsa inglesa. Se mezcla con arroz blanco y estamos seguros de que se convertir\u00e1 en uno de tus platos favoritos.<\/p>\n<p><strong>Al\u00e9rgenos:<\/strong> Contiene l\u00e1cteos, gluten, pescado y huevos.<\/p>\n<p>&nbsp;<\/p>\n<p>&nbsp;<\/p>\n","protected":false},"excerpt":{"rendered":"<p>Se considera el plato nacional de Sud\u00e1frica y se remonta a la antig\u00fcedad romana. B\u00e1sicamente, es un plato a base&#8230;<\/p>\n","protected":false},"featured_media":3332,"template":"","meta":[],"product_brand":[],"product_cat":[72],"product_tag":[],"class_list":{"0":"post-3557","1":"product","2":"type-product","3":"status-publish","4":"has-post-thumbnail","6":"product_cat-nuestros-platos","7":"exwoofood_loc-lleida","8":"exwoofood_loc-mollerussa","10":"first","11":"instock","12":"shipping-taxable","13":"purchasable","14":"product-type-simple"},"_links":{"self":[{"href":"https:\/\/eattheworldrestaurant.com\/es\/wp-json\/wp\/v2\/product\/3557","targetHints":{"allow":["GET"]}}],"collection":[{"href":"https:\/\/eattheworldrestaurant.com\/es\/wp-json\/wp\/v2\/product"}],"about":[{"href":"https:\/\/eattheworldrestaurant.com\/es\/wp-json\/wp\/v2\/types\/product"}],"wp:featuredmedia":[{"embeddable":true,"href":"https:\/\/eattheworldrestaurant.com\/es\/wp-json\/wp\/v2\/media\/3332"}],"wp:attachment":[{"href":"https:\/\/eattheworldrestaurant.com\/es\/wp-json\/wp\/v2\/media?parent=3557"}],"wp:term":[{"taxonomy":"product_brand","embeddable":true,"href":"https:\/\/eattheworldrestaurant.com\/es\/wp-json\/wp\/v2\/product_brand?post=3557"},{"taxonomy":"product_cat","embeddable":true,"href":"https:\/\/eattheworldrestaurant.com\/es\/wp-json\/wp\/v2\/product_cat?post=3557"},{"taxonomy":"product_tag","embeddable":true,"href":"https:\/\/eattheworldrestaurant.com\/es\/wp-json\/wp\/v2\/product_tag?post=3557"}],"curies":[{"name":"wp","href":"https:\/\/api.w.org\/{rel}","templated":true}]}}