{"id":3553,"date":"2024-06-06T09:58:14","date_gmt":"2024-06-06T09:58:14","guid":{"rendered":"https:\/\/eattheworldrestaurant.com\/producto\/vedella-strogonoff-russia\/"},"modified":"2026-03-16T17:03:16","modified_gmt":"2026-03-16T17:03:16","slug":"vedella-strogonoff-russia","status":"publish","type":"product","link":"https:\/\/eattheworldrestaurant.com\/es\/producto\/vedella-strogonoff-russia\/","title":{"rendered":"Ternera Strogonoff (Rusia)"},"content":{"rendered":"<p>Esta receta proviene del siglo XVIII, cuando el chef franc\u00e9s Andr\u00e9 Duppont trabajaba para el conde P\u00e1vel en San Petersburgo, invent\u00e1ndola para una competici\u00f3n culinaria. Tras la ca\u00edda del Imperio Ruso y despu\u00e9s de la Segunda Guerra Mundial, se populariz\u00f3 y muchos inmigrantes rusos la llevaron a lugares como los Estados Unidos, generando diferentes variantes. Se basa en un guiso de carne de res con champi\u00f1ones y salsa Strogonoff. Se acompa\u00f1a con papas fritas caseras.<\/p>\n<p><strong>Al\u00e9rgenos:<\/strong> Contiene gluten, l\u00e1cteos y apio.<\/p>\n<p>&nbsp;<\/p>\n","protected":false},"excerpt":{"rendered":"<p>Esta receta proviene del siglo XVIII, cuando el chef franc\u00e9s Andr\u00e9 Duppont trabajaba para el conde P\u00e1vel en San Petersburgo,&#8230;<\/p>\n","protected":false},"featured_media":3341,"template":"","meta":[],"product_brand":[],"product_cat":[72],"product_tag":[],"class_list":{"0":"post-3553","1":"product","2":"type-product","3":"status-publish","4":"has-post-thumbnail","6":"product_cat-nuestros-platos","7":"exwoofood_loc-lleida","8":"exwoofood_loc-mollerussa","10":"first","11":"instock","12":"shipping-taxable","13":"purchasable","14":"product-type-simple"},"_links":{"self":[{"href":"https:\/\/eattheworldrestaurant.com\/es\/wp-json\/wp\/v2\/product\/3553","targetHints":{"allow":["GET"]}}],"collection":[{"href":"https:\/\/eattheworldrestaurant.com\/es\/wp-json\/wp\/v2\/product"}],"about":[{"href":"https:\/\/eattheworldrestaurant.com\/es\/wp-json\/wp\/v2\/types\/product"}],"wp:featuredmedia":[{"embeddable":true,"href":"https:\/\/eattheworldrestaurant.com\/es\/wp-json\/wp\/v2\/media\/3341"}],"wp:attachment":[{"href":"https:\/\/eattheworldrestaurant.com\/es\/wp-json\/wp\/v2\/media?parent=3553"}],"wp:term":[{"taxonomy":"product_brand","embeddable":true,"href":"https:\/\/eattheworldrestaurant.com\/es\/wp-json\/wp\/v2\/product_brand?post=3553"},{"taxonomy":"product_cat","embeddable":true,"href":"https:\/\/eattheworldrestaurant.com\/es\/wp-json\/wp\/v2\/product_cat?post=3553"},{"taxonomy":"product_tag","embeddable":true,"href":"https:\/\/eattheworldrestaurant.com\/es\/wp-json\/wp\/v2\/product_tag?post=3553"}],"curies":[{"name":"wp","href":"https:\/\/api.w.org\/{rel}","templated":true}]}}