{"id":3543,"date":"2024-06-06T10:50:34","date_gmt":"2024-06-06T10:50:34","guid":{"rendered":"https:\/\/eattheworldrestaurant.com\/producto\/brownie-estats-units\/"},"modified":"2025-06-17T23:31:43","modified_gmt":"2025-06-17T22:31:43","slug":"brownie-estats-units","status":"publish","type":"product","link":"https:\/\/eattheworldrestaurant.com\/es\/producto\/brownie-estats-units\/","title":{"rendered":"Brownie (Estados unidos)"},"content":{"rendered":"<p>Para los amantes del mejor chocolate, con aut\u00e9nticas nueces. Lo acompa\u00f1amos con mermelada de nabius (ar\u00e1ndanos). Esta receta est\u00e1 elaborada de manera artesanal por nuestros cocineros.<\/p>\n<p><strong>Al\u00e9rgenos:<\/strong> Contiene gluten, huevos, frutos secos, l\u00e1cteos, soja y cacahuetes.<\/p>\n<p><strong>Al\u00e9rgenos mermelada:<\/strong> No tiene.<\/p>\n<p>&nbsp;<\/p>\n<p>&nbsp;<\/p>\n","protected":false},"excerpt":{"rendered":"<p>Para los amantes del mejor chocolate, con aut\u00e9nticas nueces. Lo acompa\u00f1amos con mermelada de nabius (ar\u00e1ndanos). Esta receta est\u00e1 elaborada&#8230;<\/p>\n","protected":false},"featured_media":3410,"template":"","meta":[],"product_brand":[],"product_cat":[73],"product_tag":[],"class_list":{"0":"post-3543","1":"product","2":"type-product","3":"status-publish","4":"has-post-thumbnail","6":"product_cat-nuestros-postres","7":"exwoofood_loc-lleida","8":"exwoofood_loc-mollerussa","10":"first","11":"instock","12":"shipping-taxable","13":"purchasable","14":"product-type-simple"},"_links":{"self":[{"href":"https:\/\/eattheworldrestaurant.com\/es\/wp-json\/wp\/v2\/product\/3543","targetHints":{"allow":["GET"]}}],"collection":[{"href":"https:\/\/eattheworldrestaurant.com\/es\/wp-json\/wp\/v2\/product"}],"about":[{"href":"https:\/\/eattheworldrestaurant.com\/es\/wp-json\/wp\/v2\/types\/product"}],"wp:featuredmedia":[{"embeddable":true,"href":"https:\/\/eattheworldrestaurant.com\/es\/wp-json\/wp\/v2\/media\/3410"}],"wp:attachment":[{"href":"https:\/\/eattheworldrestaurant.com\/es\/wp-json\/wp\/v2\/media?parent=3543"}],"wp:term":[{"taxonomy":"product_brand","embeddable":true,"href":"https:\/\/eattheworldrestaurant.com\/es\/wp-json\/wp\/v2\/product_brand?post=3543"},{"taxonomy":"product_cat","embeddable":true,"href":"https:\/\/eattheworldrestaurant.com\/es\/wp-json\/wp\/v2\/product_cat?post=3543"},{"taxonomy":"product_tag","embeddable":true,"href":"https:\/\/eattheworldrestaurant.com\/es\/wp-json\/wp\/v2\/product_tag?post=3543"}],"curies":[{"name":"wp","href":"https:\/\/api.w.org\/{rel}","templated":true}]}}