{"id":3503,"date":"2024-11-03T17:32:38","date_gmt":"2024-11-03T17:32:38","guid":{"rendered":"https:\/\/eattheworldrestaurant.com\/producto\/2616\/"},"modified":"2026-03-16T17:20:52","modified_gmt":"2026-03-16T17:20:52","slug":"2616","status":"publish","type":"product","link":"https:\/\/eattheworldrestaurant.com\/es\/producto\/2616\/","title":{"rendered":"Tacos con chile de carne (M\u00e9xico)"},"content":{"rendered":"<p>Te traemos un cl\u00e1sico que no puede faltar dentro de la cocina Mexicana, los tacos.<\/p>\n<p>Te traemos estos fant\u00e1sticos tacos de maiz\u00a0azules acompa\u00f1ados de un sabroso chile de carne de ternera con frijoles y cebolla encurtida.<\/p>\n<p>Todo el sabor de M\u00e9xico en tu plato!<\/p>\n<p>&nbsp;<\/p>\n<p>Escoge entre <strong>2<\/strong> o <strong>4<\/strong> unidades.<\/p>\n<hr \/>\n<p><strong>Al\u00e9rgenos en los Tacos:<\/strong> Frutos de c\u00e1scara<\/p>\n<p><strong>Al\u00e9rgenos del Chile:<\/strong> Contiene sulfitos (Puede tener trazas de gluten, crust\u00e1ceos, cacahuetes, soja, leche, frutos de c\u00e1scara, apio, mostaza y s\u00e9samo)<\/p>\n<p><strong>Al\u00e9rgenos de la cebolla encurtida:<\/strong> Contiene sulfitos (Puede contener trazas de gluten, huevos, pescado, soja, leche, frutos de c\u00e1scara, apio, mostaza y s\u00e9samo)<\/p>\n","protected":false},"excerpt":{"rendered":"<p>Te traemos un cl\u00e1sico que no puede faltar dentro de la cocina Mexicana, los tacos. Te traemos estos fant\u00e1sticos tacos&#8230;<\/p>\n","protected":false},"featured_media":4348,"template":"","meta":[],"product_brand":[],"product_cat":[76],"product_tag":[],"class_list":{"0":"post-3503","1":"product","2":"type-product","3":"status-publish","4":"has-post-thumbnail","6":"product_cat-para-compartir","7":"exwoofood_loc-lleida","8":"exwoofood_loc-mollerussa","10":"first","11":"instock","12":"shipping-taxable","13":"purchasable","14":"product-type-simple"},"_links":{"self":[{"href":"https:\/\/eattheworldrestaurant.com\/es\/wp-json\/wp\/v2\/product\/3503","targetHints":{"allow":["GET"]}}],"collection":[{"href":"https:\/\/eattheworldrestaurant.com\/es\/wp-json\/wp\/v2\/product"}],"about":[{"href":"https:\/\/eattheworldrestaurant.com\/es\/wp-json\/wp\/v2\/types\/product"}],"wp:featuredmedia":[{"embeddable":true,"href":"https:\/\/eattheworldrestaurant.com\/es\/wp-json\/wp\/v2\/media\/4348"}],"wp:attachment":[{"href":"https:\/\/eattheworldrestaurant.com\/es\/wp-json\/wp\/v2\/media?parent=3503"}],"wp:term":[{"taxonomy":"product_brand","embeddable":true,"href":"https:\/\/eattheworldrestaurant.com\/es\/wp-json\/wp\/v2\/product_brand?post=3503"},{"taxonomy":"product_cat","embeddable":true,"href":"https:\/\/eattheworldrestaurant.com\/es\/wp-json\/wp\/v2\/product_cat?post=3503"},{"taxonomy":"product_tag","embeddable":true,"href":"https:\/\/eattheworldrestaurant.com\/es\/wp-json\/wp\/v2\/product_tag?post=3503"}],"curies":[{"name":"wp","href":"https:\/\/api.w.org\/{rel}","templated":true}]}}