{"id":3499,"date":"2025-01-20T20:56:46","date_gmt":"2025-01-20T20:56:46","guid":{"rendered":"https:\/\/eattheworldrestaurant.com\/producto\/me-la-bufa-la-vella-caravana\/"},"modified":"2025-06-10T21:01:10","modified_gmt":"2025-06-10T20:01:10","slug":"me-la-bufa-la-vella-caravana","status":"publish","type":"product","link":"https:\/\/eattheworldrestaurant.com\/es\/producto\/me-la-bufa-la-vella-caravana\/","title":{"rendered":"Me la bufa &#8211; La vella caravana"},"content":{"rendered":"<p>Cerveza artesanal 0&#8217;01% \/ estil Amber Ale\u00a0 \/ SIN GLUTEN<\/p>\n<p class=\"moto-text_system_6\"><strong><span style=\"color: #080707;\">ATENCI\u00d3N: cerveza NO apta para embarazadas ya que lleva una peque\u00f1a cantidad de alcohol debido al proceso de elaboraci\u00f3n.<\/span><\/strong><\/p>\n","protected":false},"excerpt":{"rendered":"<p>Cerveza artesanal 0&#8217;01% \/ estil Amber Ale\u00a0 \/ SIN GLUTEN ATENCI\u00d3N: cerveza NO apta para embarazadas ya que lleva una&#8230;<\/p>\n","protected":false},"featured_media":3424,"template":"","meta":[],"product_brand":[],"product_cat":[71],"product_tag":[],"class_list":{"0":"post-3499","1":"product","2":"type-product","3":"status-publish","4":"has-post-thumbnail","6":"product_cat-bebidas","7":"exwoofood_loc-lleida","8":"exwoofood_loc-mollerussa","10":"first","11":"instock","12":"shipping-taxable","13":"purchasable","14":"product-type-simple"},"_links":{"self":[{"href":"https:\/\/eattheworldrestaurant.com\/es\/wp-json\/wp\/v2\/product\/3499","targetHints":{"allow":["GET"]}}],"collection":[{"href":"https:\/\/eattheworldrestaurant.com\/es\/wp-json\/wp\/v2\/product"}],"about":[{"href":"https:\/\/eattheworldrestaurant.com\/es\/wp-json\/wp\/v2\/types\/product"}],"wp:featuredmedia":[{"embeddable":true,"href":"https:\/\/eattheworldrestaurant.com\/es\/wp-json\/wp\/v2\/media\/3424"}],"wp:attachment":[{"href":"https:\/\/eattheworldrestaurant.com\/es\/wp-json\/wp\/v2\/media?parent=3499"}],"wp:term":[{"taxonomy":"product_brand","embeddable":true,"href":"https:\/\/eattheworldrestaurant.com\/es\/wp-json\/wp\/v2\/product_brand?post=3499"},{"taxonomy":"product_cat","embeddable":true,"href":"https:\/\/eattheworldrestaurant.com\/es\/wp-json\/wp\/v2\/product_cat?post=3499"},{"taxonomy":"product_tag","embeddable":true,"href":"https:\/\/eattheworldrestaurant.com\/es\/wp-json\/wp\/v2\/product_tag?post=3499"}],"curies":[{"name":"wp","href":"https:\/\/api.w.org\/{rel}","templated":true}]}}