{"id":3425,"date":"2024-07-12T11:42:06","date_gmt":"2024-07-12T10:42:06","guid":{"rendered":"https:\/\/eattheworldrestaurant.com\/inici\/"},"modified":"2025-02-01T13:32:51","modified_gmt":"2025-02-01T12:32:51","slug":"inici","status":"publish","type":"page","link":"https:\/\/eattheworldrestaurant.com\/es\/","title":{"rendered":"Inici___"},"content":{"rendered":"<section class=\"wpb-content-wrapper\"><p>[vc_row full_width=&#8221;stretch_row&#8221; el_disable_tablet=&#8221;1&#8243; el_disable_mobile=&#8221;1&#8243; css=&#8221;.vc_custom_1737025230831{margin-bottom: -50px !important;padding-bottom: 100px !important;background-color: #232323 !important;}&#8221;][vc_column]<div class=\"clearboth\"><\/div><style>#thegem-divider-69f2af2cbcfbe {margin-bottom: 200px !important;}<\/style><div id=\"thegem-divider-69f2af2cbcfbe\" class=\"gem-divider  \" style=\"\" ><\/div>[vc_column_text interactions_enabled=&#8221;1&#8243; css_animation=&#8221;fadeInLeft&#8221; css=&#8221;.vc_custom_1737661635731{margin-left: -35px !important;}&#8221;]<span style=\"font-size: 70pt; color: #e5c457; font-family: noisy;\">VIAJAR TE ABRE <span style=\"color: #deca87;\">LA MENTE<\/span><\/span>[\/vc_column_text][vc_column_text interactions_enabled=&#8221;1&#8243; horizontal_scroll=&#8221;1&#8243; horizontal_scroll_direction=&#8221;horizontal_scroll_direction_right&#8221; horizontal_scroll_speed=&#8221;2&#8243; css_animation=&#8221;zoomIn&#8221; css=&#8221;.vc_custom_1737661727402{margin-top: 35px !important;margin-left: 25px !important;}&#8221;]<\/p>\n<p><span style=\"font-size: 50pt; color: #deca87; font-family: noisy;\"><span style=\"color: #e5c457;\">COMER, EL PLACER<\/span> DEL GUSTO<\/span><\/p>\n<p>[\/vc_column_text][vc_column_text css_animation=&#8221;bounceInDown&#8221; css=&#8221;.vc_custom_1737661759725{margin-top: 50px !important;margin-left: -5px !important;}&#8221;]<span style=\"color: #87bd4b; font-size: 18pt; font-family: noisy;\">TURISMO GASTRON\u00d3MICO<\/span>[\/vc_column_text]<div class=\"clearboth\"><\/div><style>#thegem-divider-69f2af2cbd023 {margin-bottom: 100px !important;}<\/style><div id=\"thegem-divider-69f2af2cbd023\" class=\"gem-divider  \" style=\"\" ><\/div>[vc_single_image image=&#8221;2620&#8243; img_size=&#8221;280&#215;250&#8243; alignment=&#8221;right&#8221; onclick=&#8221;custom_link&#8221; img_link_target=&#8221;_blank&#8221; css_animation=&#8221;fadeInRight&#8221; css=&#8221;.vc_custom_1730984246455{margin-top: 0px !important;margin-right: 150px !important;}&#8221; link=&#8221;https:\/\/bookings.agorapos.com\/reservas\/widget\/1057\/calendario\/499347a728def4fb4750dc674f3043c4b5236e98&#8243;][vc_column_text interactions_enabled=&#8221;1&#8243; horizontal_scroll=&#8221;1&#8243; css_animation=&#8221;zoomInRight&#8221; el_class=&#8221;custom-font&#8221; css=&#8221;.vc_custom_1737661778850{margin-top: -150px !important;margin-left: 4px !important;}&#8221;]<\/p>\n<div class=\"title-xlarge\" style=\"text-align: left;\"><span style=\"color: #e5c457; font-family: noisy; font-size: 50pt;\">Interpretando<\/span><\/div>\n<p>[\/vc_column_text][vc_column_text interactions_enabled=&#8221;1&#8243; horizontal_scroll=&#8221;1&#8243; horizontal_scroll_direction=&#8221;horizontal_scroll_direction_right&#8221; css_animation=&#8221;zoomIn&#8221; el_class=&#8221;custom-font&#8221; css=&#8221;.vc_custom_1737661801827{margin-top: -30px !important;margin-left: 15px !important;}&#8221;]<\/p>\n<div class=\"title-h1\" style=\"text-align: left;\"><span style=\"color: #87bd4b; font-size: 18pt; font-family: noisy;\">LOS VERDADEROS SABORES DEL MUNDO<\/span><\/div>\n<p>[\/vc_column_text][vc_row_inner][vc_column_inner width=&#8221;1\/2&#8243;][vc_column_text css_animation=&#8221;zoomIn&#8221;]<\/p>\n<p style=\"max-width: 610px; margin: 0px auto; text-align: left;\"><span style=\"color: #edfade; font-size: 13pt;\">Bienvenidos a Eat the World, el lugar donde podr\u00e1s viajar a trav\u00e9s del paladar sin levantarte de la mesa. Con una amplia selecci\u00f3n de platos procedentes de diferentes culturas y pa\u00edses, te invitamos a explorar los sabores del mundo en un ambiente acogedor. Desde sabores ex\u00f3ticos hasta cl\u00e1sicos reconocidos, cada plato es una oportunidad para una nueva aventura culinaria. Ven y disfruta de una experiencia gastron\u00f3mica \u00fanica.<\/span><\/p>\n<p>[\/vc_column_text][\/vc_column_inner][vc_column_inner width=&#8221;1\/2&#8243; css=&#8221;.vc_custom_1720898550730{margin-top: 75px !important;margin-left: 90px !important;background-position: center !important;background-repeat: no-repeat !important;background-size: cover !important;}&#8221;][vc_single_image image=&#8221;2958&#8243; img_size=&#8221;large&#8221; alignment=&#8221;right&#8221; style=&#8221;vc_box_border&#8221; border_color=&#8221;chino&#8221; interactions_enabled=&#8221;1&#8243; horizontal_scroll=&#8221;1&#8243; horizontal_scroll_direction=&#8221;horizontal_scroll_direction_right&#8221; css_animation=&#8221;fadeInRight&#8221; css=&#8221;.vc_custom_1737189101387{margin-top: 100px !important;margin-left: 0px !important;}&#8221;][\/vc_column_inner][\/vc_row_inner][vc_row_inner][vc_column_inner width=&#8221;1\/2&#8243; css=&#8221;.vc_custom_1720898486348{margin-left: -125px !important;}&#8221;][vc_single_image image=&#8221;2044&#8243; img_size=&#8221;large&#8221; style=&#8221;vc_box_border&#8221; border_color=&#8221;chino&#8221; interactions_enabled=&#8221;1&#8243; horizontal_scroll=&#8221;1&#8243; css_animation=&#8221;fadeInLeft&#8221; css=&#8221;.vc_custom_1720898580935{margin-top: -400px !important;}&#8221;][\/vc_column_inner][vc_column_inner width=&#8221;1\/2&#8243;][\/vc_column_inner][\/vc_row_inner][\/vc_column][\/vc_row][vc_row full_width=&#8221;stretch_row&#8221; el_disable_desktop=&#8221;1&#8243; css=&#8221;.vc_custom_1737025243375{margin-bottom: -50px !important;padding-bottom: 100px !important;background-color: #232323 !important;}&#8221;][vc_column]<div class=\"clearboth\"><\/div><style>#thegem-divider-69f2af2cbd062 {margin-bottom: 160px !important;}<\/style><div id=\"thegem-divider-69f2af2cbd062\" class=\"gem-divider  \" style=\"\" ><\/div>[vc_column_text interactions_enabled=&#8221;1&#8243; horizontal_scroll=&#8221;1&#8243; horizontal_scroll_speed=&#8221;2&#8243; css_animation=&#8221;fadeInLeft&#8221; css=&#8221;.vc_custom_1737661910439{margin-left: 26px !important;}&#8221;]<span style=\"font-size: 30pt; color: #e5c457; font-family: noisy;\">VIAJAR<\/span><\/p>\n<p><span style=\"font-size: 36pt; color: #e5c457; font-family: noisy;\">TE ABRE<\/span><\/p>\n<p><span style=\"font-size: 40pt; color: #e5c457; font-family: noisy;\"><span style=\"color: #deca87;\">LA <\/span><\/span><span style=\"font-size: 40pt; color: #e5c457; font-family: noisy;\"><span style=\"color: #deca87;\">MENTE<\/span><\/span>[\/vc_column_text]<div class=\"clearboth\"><\/div><style>#thegem-divider-69f2af2cbd099 {margin-bottom: 25px !important;}<\/style><div id=\"thegem-divider-69f2af2cbd099\" class=\"gem-divider  \" style=\"\" ><\/div>[vc_column_text interactions_enabled=&#8221;1&#8243; horizontal_scroll=&#8221;1&#8243; horizontal_scroll_direction=&#8221;horizontal_scroll_direction_right&#8221; horizontal_scroll_speed=&#8221;2&#8243; css_animation=&#8221;zoomIn&#8221; css=&#8221;.vc_custom_1737803204263{margin-top: 35px !important;margin-left: 35px !important;}&#8221;]<span style=\"font-size: 50pt; color: #deca87; font-family: noisy;\"><span style=\"color: #e5c457;\">COMER<\/span><\/span><\/p>\n<p><span style=\"font-size: 40pt; color: #deca87; font-family: noisy;\"><span style=\"color: #e5c457;\">EL PLACER <\/span><\/span><\/p>\n<p><span style=\"font-size: 30pt; color: #deca87; font-family: noisy;\">DEL GUSTO<\/span>[\/vc_column_text][vc_column_text css_animation=&#8221;fadeInLeft&#8221; css=&#8221;.vc_custom_1737661970179{margin-top: 30px !important;margin-left: 10px !important;}&#8221;]<\/p>\n<p><span style=\"color: #87bd4b; font-size: 18pt; font-family: noisy;\">TURISMO GASTRON<strong>\u00d3<\/strong>MICO<\/span><\/p>\n<p>[\/vc_column_text]<div class=\"clearboth\"><\/div><style>#thegem-divider-69f2af2cbd0cc {margin-bottom: 100px !important;}<\/style><div id=\"thegem-divider-69f2af2cbd0cc\" class=\"gem-divider  \" style=\"\" ><\/div>[vc_single_image image=&#8221;2620&#8243; img_size=&#8221;280&#215;250&#8243; alignment=&#8221;right&#8221; onclick=&#8221;custom_link&#8221; img_link_target=&#8221;_blank&#8221; css_animation=&#8221;fadeInRight&#8221; css=&#8221;.vc_custom_1730984246455{margin-top: 0px !important;margin-right: 150px !important;}&#8221; link=&#8221;https:\/\/bookings.agorapos.com\/reservas\/widget\/1057\/calendario\/499347a728def4fb4750dc674f3043c4b5236e98&#8243;][vc_column_text interactions_enabled=&#8221;1&#8243; horizontal_scroll=&#8221;1&#8243; css_animation=&#8221;zoomInRight&#8221; el_class=&#8221;custom-font&#8221; css=&#8221;.vc_custom_1737661987486{margin-top: 30px !important;margin-left: 4px !important;}&#8221;]<\/p>\n<div class=\"title-xlarge\" style=\"text-align: left;\"><span style=\"color: #e5c457; font-family: noisy; font-size: 33pt;\">Interpretando<\/span><\/div>\n<p>[\/vc_column_text][vc_column_text interactions_enabled=&#8221;1&#8243; horizontal_scroll=&#8221;1&#8243; horizontal_scroll_direction=&#8221;horizontal_scroll_direction_right&#8221; css_animation=&#8221;zoomIn&#8221; el_class=&#8221;custom-font&#8221; css=&#8221;.vc_custom_1737887342020{margin-left: 15px !important;}&#8221;]<\/p>\n<div class=\"title-h1\" style=\"text-align: center;\"><span style=\"font-size: 10pt;\"><span style=\"color: #87bd4b; font-family: noisy;\">LOS VERDADEROS<br \/>\n<\/span><\/span><span style=\"font-size: 10pt;\"><span style=\"color: #87bd4b; font-family: noisy;\">SABORES DEL MUNDO<\/span><\/span><\/div>\n<p>[\/vc_column_text][vc_row_inner][vc_column_inner width=&#8221;1\/2&#8243;][vc_column_text css_animation=&#8221;zoomIn&#8221; css=&#8221;.vc_custom_1737662052541{margin-left: 10px !important;}&#8221;]<\/p>\n<p style=\"max-width: 610px; margin: 0px auto; text-align: left;\"><span style=\"color: #edfade; font-size: 13pt;\">Bienvenidos a Eat the World, el lugar donde podr\u00e1s viajar a trav\u00e9s del paladar sin levantarte de la mesa. Con una amplia selecci\u00f3n de platos procedentes de diferentes culturas y pa\u00edses, te invitamos a explorar los sabores del mundo en un ambiente acogedor. Desde sabores ex\u00f3ticos hasta cl\u00e1sicos reconocidos, cada plato es una oportunidad para una nueva aventura culinaria. Ven y disfruta de una experiencia gastron\u00f3mica \u00fanica.<\/span><\/p>\n<p>[\/vc_column_text][\/vc_column_inner][vc_column_inner width=&#8221;1\/2&#8243; css=&#8221;.vc_custom_1720898550730{margin-top: 75px !important;margin-left: 90px !important;background-position: center !important;background-repeat: no-repeat !important;background-size: cover !important;}&#8221;][vc_single_image image=&#8221;2958&#8243; img_size=&#8221;large&#8221; alignment=&#8221;right&#8221; style=&#8221;vc_box_border&#8221; border_color=&#8221;chino&#8221; interactions_enabled=&#8221;1&#8243; horizontal_scroll=&#8221;1&#8243; horizontal_scroll_direction=&#8221;horizontal_scroll_direction_right&#8221; css_animation=&#8221;fadeInRight&#8221; css=&#8221;.vc_custom_1737189162456{margin-top: 100px !important;margin-left: 0px !important;}&#8221;][\/vc_column_inner][\/vc_row_inner][vc_row_inner][vc_column_inner width=&#8221;1\/2&#8243; css=&#8221;.vc_custom_1720898486348{margin-left: -125px !important;}&#8221;][vc_single_image image=&#8221;2044&#8243; img_size=&#8221;large&#8221; style=&#8221;vc_box_border&#8221; border_color=&#8221;chino&#8221; interactions_enabled=&#8221;1&#8243; horizontal_scroll=&#8221;1&#8243; css_animation=&#8221;fadeInLeft&#8221; css=&#8221;.vc_custom_1720898580935{margin-top: -400px !important;}&#8221;][\/vc_column_inner][vc_column_inner width=&#8221;1\/2&#8243;][\/vc_column_inner][\/vc_row_inner][\/vc_column][\/vc_row][vc_row full_width=&#8221;stretch_row_content_no_spaces&#8221; el_disable_tablet=&#8221;1&#8243; el_disable_mobile=&#8221;1&#8243; interactions_enabled=&#8221;1&#8243; css_animation=&#8221;fadeIn&#8221; css=&#8221;.vc_custom_1737630568766{margin-top: 0px !important;margin-bottom: -35px !important;}&#8221; el_class=&#8221;fixing&#8221;][vc_column interactions_enabled=&#8221;1&#8243; el_class=&#8221;z-index&#8221;]<div id=\"fullwidth-block-69f2af2cbd112\" class=\"fullwidth-block fullwidth-block-parallax-fixed clearfix\" data-mobile-parallax-enable=\"0\" style=\"background-color: #262626;padding-left: 20px;padding-right: 20px;\"><script type=\"text\/javascript\">if (typeof(gem_fix_fullwidth_position) == \"function\") { gem_fix_fullwidth_position(document.getElementById(\"fullwidth-block-69f2af2cbd112\")); }<\/script><div class=\"fullwidth-block-inner\">[vc_column_text interactions_enabled=&#8221;1&#8243; horizontal_scroll=&#8221;1&#8243; css_animation=&#8221;fadeIn&#8221; css=&#8221;.vc_custom_1737662097793{margin-right: 100px !important;padding-top: 100px !important;padding-bottom: 75px !important;}&#8221;]<\/p>\n<p style=\"text-align: right;\"><span style=\"color: #e5c457; font-family: noisy; font-size: 75pt; line-height: 0.8;\">TODAS LAS RECETAS<br \/>\nDEL MUNDO EN<br \/>\nUN MISMO LUGAR<\/span><\/p>\n<p>[\/vc_column_text]<\/div><\/div><div id=\"fullwidth-block-69f2af2cbd18f\" class=\"fullwidth-block fullwidth-block-parallax-vertical clearfix\" data-mobile-parallax-enable=\"0\" style=\"color: rgba(0,0,0,0.01);background-color: #232323;padding-top: 50px;padding-bottom: 600px;\"><script type=\"text\/javascript\">if (typeof(gem_fix_fullwidth_position) == \"function\") { gem_fix_fullwidth_position(document.getElementById(\"fullwidth-block-69f2af2cbd18f\")); }<\/script><div class=\"fullwidth-block-inner\"><div class=\"container\">[vc_single_image image=&#8221;1375&#8243; img_size=&#8221;full&#8221; el_class=&#8221;gear-2 gear-1&#8243;][vc_single_image image=&#8221;2824&#8243; img_size=&#8221;full&#8221; el_class=&#8221;gear-3 gear-1&#8243;][vc_single_image image=&#8221;2826&#8243; img_size=&#8221;full&#8221; css_animation=&#8221;none&#8221; el_class=&#8221;gear-4 gear-1&#8243;][vc_single_image image=&#8221;2821&#8243; img_size=&#8221;full&#8221; el_class=&#8221;gear-1&#8243;][vc_single_image image=&#8221;1378&#8243; img_size=&#8221;full&#8221; el_class=&#8221;gear-5 gear-1&#8243;][vc_single_image image=&#8221;2823&#8243; img_size=&#8221;full&#8221; el_class=&#8221;gear-6 gear-1&#8243; css=&#8221;.vc_custom_1736432233746{background-color: rgba(0,0,0,0.01) !important;*background-color: rgb(0,0,0) !important;}&#8221;]<div class=\"clearboth\"><\/div><style>#thegem-divider-69f2af2cbd235 {margin-bottom: 500px !important;}<\/style><div id=\"thegem-divider-69f2af2cbd235\" class=\"gem-divider  \" style=\"\" ><\/div>[vc_column_text interactions_enabled=&#8221;1&#8243; horizontal_scroll=&#8221;1&#8243; horizontal_scroll_direction=&#8221;horizontal_scroll_direction_right&#8221; css_animation=&#8221;fadeInRight&#8221; css=&#8221;.vc_custom_1737662166900{margin-top: -475px !important;}&#8221;]<\/p>\n<p style=\"text-align: right;\"><span style=\"color: #e5c457; font-family: noisy; font-size: 36pt; line-height: 0.8;\"><span style=\"color: #87bd4b;\">ven a probar<\/span><br \/>\n<span style=\"color: #87bd4b;\">las mejores<\/span><br \/>\n<span style=\"color: #87bd4b;\">cervezas i refrescos<\/span><br \/>\n<span style=\"color: #87bd4b;\">artesanales<\/span><br \/>\n<\/span><\/p>\n<p>[\/vc_column_text]<\/div><\/div><\/div>[\/vc_column][\/vc_row][vc_row full_width=&#8221;stretch_row_content_no_spaces&#8221; el_disable_desktop=&#8221;1&#8243; css=&#8221;.vc_custom_1737630042727{margin-bottom: -50px !important;background-color: #1c1c1c !important;}&#8221;][vc_column css=&#8221;.vc_custom_1737199357302{margin-right: -50px !important;}&#8221;][vc_column_text interactions_enabled=&#8221;1&#8243; horizontal_scroll=&#8221;1&#8243; css_animation=&#8221;fadeIn&#8221; css=&#8221;.vc_custom_1737662211196{margin-right: 0px !important;padding-top: 100px !important;padding-bottom: 75px !important;}&#8221;]<\/p>\n<p style=\"text-align: right;\"><span style=\"color: #e5c457; font-family: noisy; font-size: 48pt; line-height: 0.8;\">TODAS LAS RECETAS<br \/>\nDEL MUNDO EN<br \/>\nUN MISMO LUGAR<\/span><\/p>\n<p>[\/vc_column_text][vc_row_inner][vc_column_inner][vc_column_text interactions_enabled=&#8221;1&#8243; horizontal_scroll=&#8221;1&#8243; horizontal_scroll_direction=&#8221;horizontal_scroll_direction_right&#8221; css_animation=&#8221;fadeInRight&#8221;]<\/p>\n<p style=\"text-align: right;\"><span style=\"color: #e5c457; font-family: noisy; font-size: 36pt; line-height: 0.8;\"><span style=\"color: #87bd4b;\">ven a probar<\/span><br \/>\n<span style=\"color: #87bd4b;\">las mejores<\/span><br \/>\n<span style=\"color: #87bd4b;\">cervezas i refrescos<\/span><br \/>\n<span style=\"color: #87bd4b;\">artesanales<\/span><br \/>\n<\/span><\/p>\n<p>[\/vc_column_text][\/vc_column_inner][\/vc_row_inner][vc_row_inner css=&#8221;.vc_custom_1737629851293{background-color: #232323 !important;}&#8221;][vc_column_inner el_class=&#8221;bottlesBlock fullwidth-block&#8221; css=&#8221;.vc_custom_1737629988842{background-color: #232323 !important;}&#8221;][vc_single_image image=&#8221;1375&#8243; img_size=&#8221;full&#8221; alignment=&#8221;center&#8221; interactions_enabled=&#8221;1&#8243; css=&#8221;.vc_custom_1738413135291{margin-top: 0px !important;margin-right: 0px !important;margin-bottom: 0px !important;margin-left: 0px !important;border-top-width: 0px !important;border-right-width: 0px !important;border-bottom-width: 0px !important;border-left-width: 0px !important;padding-top: 0px !important;padding-right: 0px !important;padding-bottom: 0px !important;padding-left: 0px !important;}&#8221; el_class=&#8221;gearXX&#8221;][vc_single_image image=&#8221;2824&#8243; img_size=&#8221;full&#8221; alignment=&#8221;center&#8221; interactions_enabled=&#8221;1&#8243; css=&#8221;.vc_custom_1738413150609{margin-top: 0px !important;margin-right: 0px !important;margin-bottom: 0px !important;margin-left: 0px !important;border-top-width: 0px !important;border-right-width: 0px !important;border-bottom-width: 0px !important;border-left-width: 0px !important;padding-top: 0px !important;padding-right: 0px !important;padding-bottom: 0px !important;padding-left: 0px !important;}&#8221; el_class=&#8221;gearXX&#8221;][vc_single_image image=&#8221;2828&#8243; img_size=&#8221;full&#8221; alignment=&#8221;center&#8221; interactions_enabled=&#8221;1&#8243; css=&#8221;.vc_custom_1738413165721{margin-top: 0px !important;margin-right: 0px !important;margin-bottom: 0px !important;margin-left: 0px !important;border-top-width: 0px !important;border-right-width: 0px !important;border-bottom-width: 0px !important;border-left-width: 0px !important;padding-top: 0px !important;padding-right: 0px !important;padding-bottom: 0px !important;padding-left: 0px !important;}&#8221; el_class=&#8221;gearXX&#8221;][\/vc_column_inner][\/vc_row_inner][\/vc_column][\/vc_row][vc_row][vc_column][vc_raw_js]JTNDc2NyaXB0JTNFJTBBJTI4ZnVuY3Rpb24lMjhqUXVlcnklMjklMjAlN0IlMEElMjAlMjAlMjAlMjBqUXVlcnkuZm4uc2Nyb2xsaW5nJTIwJTNEJTIwZnVuY3Rpb24lMjhzcGVlZCUyOSUyMCU3QiUwQSUyMCUyMCUyMCUyMCUyMCUyMCUyMCUyMHZhciUyMCUyNGl0ZW0lMjAlM0QlMjBqUXVlcnklMjh0aGlzJTI5JTNCJTBBJTBBJTIwJTIwJTIwJTIwJTIwJTIwJTIwJTIwaWYlMjAlMjglMjRpdGVtLmxlbmd0aCUyMCUzRCUzRCUyMDAlMjklMjByZXR1cm4lM0IlMEElMEElMjAlMjAlMjAlMjAlMjAlMjAlMjAlMjB2YXIlMjAlMjRwYXJlbnRCbG9jayUyMCUzRCUyMGpRdWVyeSUyOHRoaXMlMjkuY2xvc2VzdCUyOCUyNy5mdWxsd2lkdGgtYmxvY2slMjclMjklM0IlMEElMjAlMjAlMjAlMjAlMjAlMjAlMjAlMjB2YXIlMjBwb3NpdGlvblRvcCUyMCUzRCUyMCUyNGl0ZW0uZGF0YSUyOCUyN3Bvc2l0aW9uVG9wJTI3JTI5JTNCJTBBJTIwJTIwJTIwJTIwJTIwJTIwJTIwJTIwdmFyJTIwbmV3UG9zaXRpb25Ub3AlMjAlM0QlMjBwb3NpdGlvblRvcCUyMCUyQiUyMCUyOGpRdWVyeSUyOHdpbmRvdyUyOS5zY3JvbGxUb3AlMjglMjklMjAtJTIwJTI0cGFyZW50QmxvY2sub2Zmc2V0JTI4JTI5LnRvcCUyOSUyMCUyQSUyMHNwZWVkJTNCJTBBJTIwJTIwJTIwJTIwJTIwJTIwJTIwJTIwJTI0aXRlbS5jc3MlMjglN0IlMjB0b3AlM0ElMjBuZXdQb3NpdGlvblRvcCUyMCU3RCUyOSUzQiUwQSUyMCUyMCUyMCUyMCU3RCUzQiUwQSUwQSUyMCUyMCUyMCUyMGpRdWVyeS5mbi5hcnJvd1JvdGF0ZSUyMCUzRCUyMGZ1bmN0aW9uJTI4c3BlZWQlMjklMjAlN0IlMEElMjAlMjAlMjAlMjAlMjAlMjAlMjAlMjB2YXIlMjAlMjRpdGVtJTIwJTNEJTIwalF1ZXJ5JTI4dGhpcyUyOSUzQiUwQSUwQSUyMCUyMCUyMCUyMCUyMCUyMCUyMCUyMGlmJTIwJTI4JTI0aXRlbS5sZW5ndGglMjAlM0QlM0QlMjAwJTI5JTIwcmV0dXJuJTNCJTBBJTBBJTIwJTIwJTIwJTIwJTIwJTIwJTIwJTIwdmFyJTIwJTI0cGFyZW50QmxvY2slMjAlM0QlMjBqUXVlcnklMjh0aGlzJTI5LmNsb3Nlc3QlMjglMjcuZnVsbHdpZHRoLWJsb2NrJTI3JTI5JTNCJTBBJTIwJTIwJTIwJTIwJTIwJTIwJTIwJTIwdmFyJTIwYW5nbGUlMjAlM0QlMjAlMjhqUXVlcnklMjh3aW5kb3clMjkuc2Nyb2xsVG9wJTI4JTI5JTIwLSUyMCUyNHBhcmVudEJsb2NrLm9mZnNldCUyOCUyOS50b3AlMjklMjAlMkElMjBzcGVlZCUyMCUyQSUyMDM2MCUyMCUyRiUyMCUyNHBhcmVudEJsb2NrLm91dGVySGVpZ2h0JTI4JTI5JTNCJTBBJTIwJTIwJTIwJTIwJTIwJTIwJTIwJTIwJTI0aXRlbS5jc3MlMjglN0IlMEElMjAlMjAlMjAlMjAlMjAlMjAlMjAlMjAlMjAlMjAlMjAlMjB0cmFuc2Zvcm0lM0ElMjAlMjdyb3RhdGUlMjglMjclMjAlMkIlMjBhbmdsZSUyMCUyQiUyMCUyN2RlZyUyOSUyNyUyQyUwQSUyMCUyMCUyMCUyMCUyMCUyMCUyMCUyMCUyMCUyMCUyMCUyME1velRyYW5zZm9ybSUzQSUyMCUyN3JvdGF0ZSUyOCUyNyUyMCUyQiUyMGFuZ2xlJTIwJTJCJTIwJTI3ZGVnJTI5JTI3JTJDJTBBJTIwJTIwJTIwJTIwJTIwJTIwJTIwJTIwJTIwJTIwJTIwJTIwV2Via2l0VHJhbnNmb3JtJTNBJTIwJTI3cm90YXRlJTI4JTI3JTIwJTJCJTIwYW5nbGUlMjAlMkIlMjAlMjdkZWclMjklMjclMkMlMEElMjAlMjAlMjAlMjAlMjAlMjAlMjAlMjAlMjAlMjAlMjAlMjBtc1RyYW5zZm9ybSUzQSUyMCUyN3JvdGF0ZSUyOCUyNyUyMCUyQiUyMGFuZ2xlJTIwJTJCJTIwJTI3ZGVnJTI5JTI3JTBBJTIwJTIwJTIwJTIwJTIwJTIwJTIwJTIwJTdEJTI5JTNCJTBBJTIwJTIwJTIwJTIwJTdEJTNCJTBBJTBBJTIwJTIwJTIwJTIwalF1ZXJ5JTI4ZnVuY3Rpb24lMjglMjklMjAlN0IlMEElMjAlMjAlMjAlMjAlMjAlMjAlMjAlMjAlMkYlMkYlMjBMaXN0YSUyMGRlJTIwdG9kYXMlMjBsYXMlMjBjbGFzZXMlMjBkZSUyMGVuZ3JhbmFqZXMlMEElMjAlMjAlMjAlMjAlMjAlMjAlMjAlMjB2YXIlMjBnZWFycyUyMCUzRCUyMCU1QiUyN2dlYXItMSUyNyUyQyUyMCUyN2dlYXItMiUyNyUyQyUyMCUyN2dlYXItMyUyNyUyQyUyMCUyN2dlYXItNCUyNyUyQyUyMCUyN2dlYXItNSUyNyUyQyUyMCUyN2dlYXItNiUyNyUyQyUyMCUyN2dlYXItNyUyNyUyQyUyMCUyN2dlYXJYWCUyNyU1RCUzQiUwQSUwQSUyMCUyMCUyMCUyMCUyMCUyMCUyMCUyMCUyRiUyRiUyMEd1YXJkYXIlMjBwb3NpY2lvbmVzJTIwaW5pY2lhbGVzJTBBJTIwJTIwJTIwJTIwJTIwJTIwJTIwJTIwZ2VhcnMuZm9yRWFjaCUyOGZ1bmN0aW9uJTI4Z2VhciUyOSUyMCU3QiUwQSUyMCUyMCUyMCUyMCUyMCUyMCUyMCUyMCUyMCUyMCUyMCUyMHZhciUyMCUyNGdlYXIlMjAlM0QlMjBqUXVlcnklMjglMjcuJTI3JTIwJTJCJTIwZ2VhciUyOSUzQiUwQSUyMCUyMCUyMCUyMCUyMCUyMCUyMCUyMCUyMCUyMCUyMCUyMGlmJTIwJTI4JTI0Z2Vhci5sZW5ndGglMjklMjAlN0IlMEElMjAlMjAlMjAlMjAlMjAlMjAlMjAlMjAlMjAlMjAlMjAlMjAlMjAlMjAlMjAlMjAlMjRnZWFyLmRhdGElMjglMjdwb3NpdGlvblRvcCUyNyUyQyUyMCUyNGdlYXIucG9zaXRpb24lMjglMjkudG9wJTI5JTNCJTBBJTIwJTIwJTIwJTIwJTIwJTIwJTIwJTIwJTIwJTIwJTIwJTIwJTdEJTBBJTIwJTIwJTIwJTIwJTIwJTIwJTIwJTIwJTdEJTI5JTNCJTBBJTBBJTIwJTIwJTIwJTIwJTIwJTIwJTIwJTIwJTJGJTJGJTIwRXZlbnRvJTIwZGUlMjBzY3JvbGwlMEElMjAlMjAlMjAlMjAlMjAlMjAlMjAlMjBqUXVlcnklMjh3aW5kb3clMjkuc2Nyb2xsJTI4ZnVuY3Rpb24lMjglMjklMjAlN0IlMEElMjAlMjAlMjAlMjAlMjAlMjAlMjAlMjAlMjAlMjAlMjAlMjBnZWFycy5mb3JFYWNoJTI4ZnVuY3Rpb24lMjhnZWFyJTJDJTIwaW5kZXglMjklMjAlN0IlMEElMjAlMjAlMjAlMjAlMjAlMjAlMjAlMjAlMjAlMjAlMjAlMjAlMjAlMjAlMjAlMjAlMjAlMjAlMjAlMjB2YXIlMjAlMjRnZWFyJTIwJTNEJTIwalF1ZXJ5JTI4JTI3LiUyNyUyMCUyQiUyMGdlYXIlMjklM0IlMEElMjAlMjAlMjAlMjAlMjAlMjAlMjAlMjAlMjAlMjAlMjAlMjAlMjAlMjAlMjAlMjAlMjAlMjAlMjAlMjBpZiUyMCUyOCUyNGdlYXIubGVuZ3RoJTI5JTIwJTdCJTBBJTIwJTIwJTIwJTIwJTIwJTIwJTIwJTIwJTIwJTIwJTIwJTIwJTIwJTIwJTIwJTIwJTIwJTIwJTIwJTIwJTIwJTIwJTIwJTIwdmFyJTIwc3BlZWRTY3JvbGwlMjAlM0QlMjAwLjI1JTIwJTJCJTIwaW5kZXglMjAlMkElMjAwLjElM0IlMjAlMkYlMkYlMjBJbmNyZW1lbnRhciUyMHZlbG9jaWRhZCUyMGdyYWR1YWxtZW50ZSUwQSUyMCUyMCUyMCUyMCUyMCUyMCUyMCUyMCUyMCUyMCUyMCUyMCUyMCUyMCUyMCUyMCUyMCUyMCUyMCUyMCUyMCUyMCUyMCUyMHZhciUyMHNwZWVkUm90YXRlJTIwJTNEJTIwMC40JTIwJTJCJTIwaW5kZXglMjAlMkElMjAwLjA1JTNCJTBBJTBBJTIwJTIwJTIwJTIwJTIwJTIwJTIwJTIwJTIwJTIwJTIwJTIwJTIwJTIwJTIwJTIwJTIwJTIwJTIwJTIwJTIwJTIwJTIwJTIwJTI0Z2Vhci5zY3JvbGxpbmclMjhzcGVlZFNjcm9sbCUyOSUzQiUwQSUyMCUyMCUyMCUyMCUyMCUyMCUyMCUyMCUyMCUyMCUyMCUyMCUyMCUyMCUyMCUyMCUyMCUyMCUyMCUyMCUyMCUyMCUyMCUyMCUyNGdlYXIuYXJyb3dSb3RhdGUlMjhzcGVlZFJvdGF0ZSUyOSUzQiUwQSUyMCUyMCUyMCUyMCUyMCUyMCUyMCUyMCUyMCUyMCUyMCUyMCUyMCUyMCUyMCUyMCUyMCUyMCUyMCUyMCU3RCUwQSUyMCUyMCUyMCUyMCUyMCUyMCUyMCUyMCUyMCUyMCUyMCUyMCUyMCUyMCUyMCUyMCU3RCUyOSUzQiUwQSUyMCUyMCUyMCUyMCUyMCUyMCUyMCUyMCU3RCUyOSUzQiUwQSUyMCUyMCUyMCUyMCU3RCUyOSUzQiUwQSU3RCUyOSUyOGpRdWVyeSUyOSUzQiUwQSUzQyUyRnNjcmlwdCUzRSUwQQ==[\/vc_raw_js][\/vc_column][\/vc_row]<\/p>\n<\/section>","protected":false},"excerpt":{"rendered":"<p>[vc_row full_width=&#8221;stretch_row&#8221; el_disable_tablet=&#8221;1&#8243; el_disable_mobile=&#8221;1&#8243; css=&#8221;.vc_custom_1737025230831{margin-bottom: -50px !important;padding-bottom: 100px !important;background-color: #232323 !important;}&#8221;][vc_column][vc_column_text interactions_enabled=&#8221;1&#8243; css_animation=&#8221;fadeInLeft&#8221; css=&#8221;.vc_custom_1737661635731{margin-left: -35px !important;}&#8221;]VIAJAR TE ABRE LA MENTE[\/vc_column_text][vc_column_text&#8230;<\/p>\n","protected":false},"author":1,"featured_media":0,"parent":0,"menu_order":0,"comment_status":"closed","ping_status":"closed","template":"","meta":{"footnotes":""},"class_list":["post-3425","page","type-page","status-publish"],"_links":{"self":[{"href":"https:\/\/eattheworldrestaurant.com\/es\/wp-json\/wp\/v2\/pages\/3425","targetHints":{"allow":["GET"]}}],"collection":[{"href":"https:\/\/eattheworldrestaurant.com\/es\/wp-json\/wp\/v2\/pages"}],"about":[{"href":"https:\/\/eattheworldrestaurant.com\/es\/wp-json\/wp\/v2\/types\/page"}],"author":[{"embeddable":true,"href":"https:\/\/eattheworldrestaurant.com\/es\/wp-json\/wp\/v2\/users\/1"}],"replies":[{"embeddable":true,"href":"https:\/\/eattheworldrestaurant.com\/es\/wp-json\/wp\/v2\/comments?post=3425"}],"version-history":[{"count":12,"href":"https:\/\/eattheworldrestaurant.com\/es\/wp-json\/wp\/v2\/pages\/3425\/revisions"}],"predecessor-version":[{"id":3429,"href":"https:\/\/eattheworldrestaurant.com\/es\/wp-json\/wp\/v2\/pages\/3425\/revisions\/3429"}],"wp:attachment":[{"href":"https:\/\/eattheworldrestaurant.com\/es\/wp-json\/wp\/v2\/media?parent=3425"}],"curies":[{"name":"wp","href":"https:\/\/api.w.org\/{rel}","templated":true}]}}